{"id":860,"date":"2025-04-26T21:10:44","date_gmt":"2025-04-26T21:10:44","guid":{"rendered":"https:\/\/maroon-butterfly-388616.hostingersite.com\/?page_id=860"},"modified":"2025-06-23T10:58:53","modified_gmt":"2025-06-23T13:58:53","slug":"contacto-2","status":"publish","type":"page","link":"https:\/\/julianespanhol.com\/pt\/contacto-2\/","title":{"rendered":"Contacto"},"content":{"rendered":"<div data-elementor-type=\"wp-page\" data-elementor-id=\"860\" class=\"elementor elementor-860\">\n\t\t\t\t<div class=\"elementor-element elementor-element-9a2845b e-flex e-con-boxed e-con e-parent\" data-id=\"9a2845b\" data-element_type=\"container\">\n\t\t\t\t\t<div class=\"e-con-inner\">\n\t\t\t\t<div class=\"elementor-element elementor-element-5532950 elementor-widget elementor-widget-heading\" data-id=\"5532950\" data-element_type=\"widget\" data-widget_type=\"heading.default\">\n\t\t\t\t<div class=\"elementor-widget-container\">\n\t\t\t\t\t<h2 class=\"elementor-heading-title elementor-size-default\">Quer entrar em contato comigo?<\/h2>\t\t\t\t<\/div>\n\t\t\t\t<\/div>\n\t\t\t\t\t<\/div>\n\t\t\t\t<\/div>\n\t\t<div class=\"elementor-element elementor-element-2efaf11 e-flex e-con-boxed e-con e-parent\" data-id=\"2efaf11\" data-element_type=\"container\">\n\t\t\t\t\t<div class=\"e-con-inner\">\n\t\t\t\t<div class=\"elementor-element elementor-element-c34936d elementor-widget elementor-widget-text-editor\" data-id=\"c34936d\" data-element_type=\"widget\" data-widget_type=\"text-editor.default\">\n\t\t\t\t<div class=\"elementor-widget-container\">\n\t\t\t\t\t\t\t\t\t<p class=\"p1\">Me chama no WhatsApp ou me manda um e-mail.<\/p>\t\t\t\t\t\t\t\t<\/div>\n\t\t\t\t<\/div>\n\t\t\t\t\t<\/div>\n\t\t\t\t<\/div>\n\t\t<div class=\"elementor-element elementor-element-ffa5767 e-flex e-con-boxed e-con e-parent\" data-id=\"ffa5767\" data-element_type=\"container\">\n\t\t\t\t\t<div class=\"e-con-inner\">\n\t\t\t\t<div class=\"elementor-element elementor-element-389c2aa elementor-widget elementor-widget-text-editor\" data-id=\"389c2aa\" data-element_type=\"widget\" data-widget_type=\"text-editor.default\">\n\t\t\t\t<div class=\"elementor-widget-container\">\n\t\t\t\t\t\t\t\t\t<p><strong>Celular:<\/strong> <a href=\"https:\/\/wa.me\/5511945125906\">+55 11 94512-5906<\/a><\/p><p><strong>E-mail:<\/strong> <a href=\"mailto:ola@julianespanhol.com\">ola@julianespanhol.com<\/a><\/p><p>\u27a4 Av. Brigadeiro Lu\u00eds Ant\u00f4nio 2367 (sala 911), S\u00e3o Paulo, SP 01401-900, Brasil<\/p><p>\u27a4 1032 East Brandon Boulevard (suite 7182), Brandon, FL 33511, United States<\/p>\t\t\t\t\t\t\t\t<\/div>\n\t\t\t\t<\/div>\n\t\t\t\t\t<\/div>\n\t\t\t\t<\/div>\n\t\t\t\t<\/div>","protected":false},"excerpt":{"rendered":"<p>\u00bfQuer\u00e9s contactarme? Escribime por WhatsApp o mandame un e-mail. Celular: +55 11 94512-5906 E-mail: ola@julianespanhol.com \u27a4 Av. Brigadeiro Lu\u00eds Ant\u00f4nio [&hellip;]<\/p>","protected":false},"author":1,"featured_media":0,"parent":0,"menu_order":0,"comment_status":"closed","ping_status":"closed","template":"","meta":{"site-sidebar-layout":"no-sidebar","site-content-layout":"","ast-site-content-layout":"full-width-container","site-content-style":"default","site-sidebar-style":"default","ast-global-header-display":"","ast-banner-title-visibility":"","ast-main-header-display":"","ast-hfb-above-header-display":"","ast-hfb-below-header-display":"","ast-hfb-mobile-header-display":"","site-post-title":"disabled","ast-breadcrumbs-content":"","ast-featured-img":"disabled","footer-sml-layout":"","theme-transparent-header-meta":"","adv-header-id-meta":"","stick-header-meta":"","header-above-stick-meta":"","header-main-stick-meta":"","header-below-stick-meta":"","astra-migrate-meta-layouts":"default","ast-page-background-enabled":"default","ast-page-background-meta":{"desktop":{"background-color":"var(--ast-global-color-4)","background-image":"","background-repeat":"repeat","background-position":"center center","background-size":"auto","background-attachment":"scroll","background-type":"","background-media":"","overlay-type":"","overlay-color":"","overlay-opacity":"","overlay-gradient":""},"tablet":{"background-color":"","background-image":"","background-repeat":"repeat","background-position":"center center","background-size":"auto","background-attachment":"scroll","background-type":"","background-media":"","overlay-type":"","overlay-color":"","overlay-opacity":"","overlay-gradient":""},"mobile":{"background-color":"","background-image":"","background-repeat":"repeat","background-position":"center center","background-size":"auto","background-attachment":"scroll","background-type":"","background-media":"","overlay-type":"","overlay-color":"","overlay-opacity":"","overlay-gradient":""}},"ast-content-background-meta":{"desktop":{"background-color":"var(--ast-global-color-5)","background-image":"","background-repeat":"repeat","background-position":"center center","background-size":"auto","background-attachment":"scroll","background-type":"","background-media":"","overlay-type":"","overlay-color":"","overlay-opacity":"","overlay-gradient":""},"tablet":{"background-color":"var(--ast-global-color-5)","background-image":"","background-repeat":"repeat","background-position":"center center","background-size":"auto","background-attachment":"scroll","background-type":"","background-media":"","overlay-type":"","overlay-color":"","overlay-opacity":"","overlay-gradient":""},"mobile":{"background-color":"var(--ast-global-color-5)","background-image":"","background-repeat":"repeat","background-position":"center center","background-size":"auto","background-attachment":"scroll","background-type":"","background-media":"","overlay-type":"","overlay-color":"","overlay-opacity":"","overlay-gradient":""}},"footnotes":""},"class_list":["post-860","page","type-page","status-publish","hentry"],"_links":{"self":[{"href":"https:\/\/julianespanhol.com\/pt\/wp-json\/wp\/v2\/pages\/860","targetHints":{"allow":["GET"]}}],"collection":[{"href":"https:\/\/julianespanhol.com\/pt\/wp-json\/wp\/v2\/pages"}],"about":[{"href":"https:\/\/julianespanhol.com\/pt\/wp-json\/wp\/v2\/types\/page"}],"author":[{"embeddable":true,"href":"https:\/\/julianespanhol.com\/pt\/wp-json\/wp\/v2\/users\/1"}],"replies":[{"embeddable":true,"href":"https:\/\/julianespanhol.com\/pt\/wp-json\/wp\/v2\/comments?post=860"}],"version-history":[{"count":25,"href":"https:\/\/julianespanhol.com\/pt\/wp-json\/wp\/v2\/pages\/860\/revisions"}],"predecessor-version":[{"id":1076,"href":"https:\/\/julianespanhol.com\/pt\/wp-json\/wp\/v2\/pages\/860\/revisions\/1076"}],"wp:attachment":[{"href":"https:\/\/julianespanhol.com\/pt\/wp-json\/wp\/v2\/media?parent=860"}],"curies":[{"name":"wp","href":"https:\/\/api.w.org\/{rel}","templated":true}]}}