{"id":885,"date":"2025-04-26T22:10:42","date_gmt":"2025-04-26T22:10:42","guid":{"rendered":"https:\/\/maroon-butterfly-388616.hostingersite.com\/?page_id=885"},"modified":"2025-09-10T09:42:41","modified_gmt":"2025-09-10T12:42:41","slug":"sobre-mi","status":"publish","type":"page","link":"https:\/\/julianespanhol.com\/pt\/sobre-mi\/","title":{"rendered":"Sobre mim"},"content":{"rendered":"<div data-elementor-type=\"wp-page\" data-elementor-id=\"885\" class=\"elementor elementor-885\">\n\t\t\t\t<div class=\"elementor-element elementor-element-75dbd01 e-flex e-con-boxed e-con e-parent\" data-id=\"75dbd01\" data-element_type=\"container\">\n\t\t\t\t\t<div class=\"e-con-inner\">\n\t\t\t\t<div class=\"elementor-element elementor-element-6e1512a elementor-widget elementor-widget-heading\" data-id=\"6e1512a\" data-element_type=\"widget\" data-widget_type=\"heading.default\">\n\t\t\t\t<div class=\"elementor-widget-container\">\n\t\t\t\t\t<h1 class=\"elementor-heading-title elementor-size-default\">Sobre mim<\/h1>\t\t\t\t<\/div>\n\t\t\t\t<\/div>\n\t\t\t\t\t<\/div>\n\t\t\t\t<\/div>\n\t\t<div class=\"elementor-element elementor-element-45d9b03 e-flex e-con-boxed e-con e-parent\" data-id=\"45d9b03\" data-element_type=\"container\">\n\t\t\t\t\t<div class=\"e-con-inner\">\n\t\t\t\t<div class=\"elementor-element elementor-element-2a43687 elementor-widget__width-initial elementor-widget elementor-widget-image\" data-id=\"2a43687\" data-element_type=\"widget\" data-widget_type=\"image.default\">\n\t\t\t\t<div class=\"elementor-widget-container\">\n\t\t\t\t\t\t\t\t\t\t\t\t\t\t\t<img fetchpriority=\"high\" decoding=\"async\" width=\"1000\" height=\"1000\" src=\"https:\/\/julianespanhol.com\/wp-content\/uploads\/2025\/09\/05-Foto-de-perfil.png\" class=\"attachment-large size-large wp-image-1114\" alt=\"Juli\u00e1n Priante, professor de espanhol para brasileiros, especialista em aulas online, prepara\u00e7\u00e3o para o SIELE e tradu\u00e7\u00f5es profissionais PT-ES.\" srcset=\"https:\/\/julianespanhol.com\/wp-content\/uploads\/2025\/09\/05-Foto-de-perfil.png 1000w, https:\/\/julianespanhol.com\/wp-content\/uploads\/2025\/09\/05-Foto-de-perfil-300x300.png 300w, https:\/\/julianespanhol.com\/wp-content\/uploads\/2025\/09\/05-Foto-de-perfil-150x150.png 150w, https:\/\/julianespanhol.com\/wp-content\/uploads\/2025\/09\/05-Foto-de-perfil-768x768.png 768w, https:\/\/julianespanhol.com\/wp-content\/uploads\/2025\/09\/05-Foto-de-perfil-12x12.png 12w\" sizes=\"(max-width: 1000px) 100vw, 1000px\" \/>\t\t\t\t\t\t\t\t\t\t\t\t\t\t\t<\/div>\n\t\t\t\t<\/div>\n\t\t\t\t\t<\/div>\n\t\t\t\t<\/div>\n\t\t<div class=\"elementor-element elementor-element-f3e28a7 e-flex e-con-boxed e-con e-parent\" data-id=\"f3e28a7\" data-element_type=\"container\">\n\t\t\t\t\t<div class=\"e-con-inner\">\n\t\t\t\t<div class=\"elementor-element elementor-element-c74a758 elementor-widget elementor-widget-text-editor\" data-id=\"c74a758\" data-element_type=\"widget\" data-widget_type=\"text-editor.default\">\n\t\t\t\t<div class=\"elementor-widget-container\">\n\t\t\t\t\t\t\t\t\t<p class=\"p1\"><strong>Juli\u00e1n Priante<\/strong> \u00e9 um professor nativo de espanhol e tradutor especializado em ajudar brasileiros a dominar o idioma de maneira natural e eficaz. Com mais de oito anos de experi\u00eancia, combina aulas din\u00e2micas adaptadas aos desafios dos falantes de portugu\u00eas, com uma abordagem conversacional descontra\u00edda e profissional.<\/p><p class=\"p1\">Al\u00e9m do trabalho como professor, presta servi\u00e7os de tradu\u00e7\u00e3o do portugu\u00eas para o espanhol para empresas brasileiras que buscam se expandir para o mercado de l\u00edngua espanhola, oferecendo tradu\u00e7\u00f5es humanas, com consist\u00eancia terminol\u00f3gica e culturalmente adequadas.<\/p><p class=\"p1\">Atua de maneira independente desde Buenos Aires, com estruturas no Brasil e nos Estados Unidos para atender de forma segura e profissional a clientes de toda a Am\u00e9rica Latina e do mundo.<\/p>\t\t\t\t\t\t\t\t<\/div>\n\t\t\t\t<\/div>\n\t\t\t\t\t<\/div>\n\t\t\t\t<\/div>\n\t\t\t\t<\/div>","protected":false},"excerpt":{"rendered":"<p>Sobre m\u00ed Juli\u00e1n Priante es un profesor nativo de espa\u00f1ol y traductor especializado en ayudar a brasile\u00f1os a dominar el [&hellip;]<\/p>","protected":false},"author":1,"featured_media":0,"parent":0,"menu_order":0,"comment_status":"closed","ping_status":"closed","template":"","meta":{"site-sidebar-layout":"no-sidebar","site-content-layout":"","ast-site-content-layout":"full-width-container","site-content-style":"default","site-sidebar-style":"default","ast-global-header-display":"","ast-banner-title-visibility":"","ast-main-header-display":"","ast-hfb-above-header-display":"","ast-hfb-below-header-display":"","ast-hfb-mobile-header-display":"","site-post-title":"disabled","ast-breadcrumbs-content":"","ast-featured-img":"disabled","footer-sml-layout":"","theme-transparent-header-meta":"","adv-header-id-meta":"","stick-header-meta":"","header-above-stick-meta":"","header-main-stick-meta":"","header-below-stick-meta":"","astra-migrate-meta-layouts":"default","ast-page-background-enabled":"default","ast-page-background-meta":{"desktop":{"background-color":"var(--ast-global-color-4)","background-image":"","background-repeat":"repeat","background-position":"center center","background-size":"auto","background-attachment":"scroll","background-type":"","background-media":"","overlay-type":"","overlay-color":"","overlay-opacity":"","overlay-gradient":""},"tablet":{"background-color":"","background-image":"","background-repeat":"repeat","background-position":"center center","background-size":"auto","background-attachment":"scroll","background-type":"","background-media":"","overlay-type":"","overlay-color":"","overlay-opacity":"","overlay-gradient":""},"mobile":{"background-color":"","background-image":"","background-repeat":"repeat","background-position":"center center","background-size":"auto","background-attachment":"scroll","background-type":"","background-media":"","overlay-type":"","overlay-color":"","overlay-opacity":"","overlay-gradient":""}},"ast-content-background-meta":{"desktop":{"background-color":"var(--ast-global-color-5)","background-image":"","background-repeat":"repeat","background-position":"center center","background-size":"auto","background-attachment":"scroll","background-type":"","background-media":"","overlay-type":"","overlay-color":"","overlay-opacity":"","overlay-gradient":""},"tablet":{"background-color":"var(--ast-global-color-5)","background-image":"","background-repeat":"repeat","background-position":"center center","background-size":"auto","background-attachment":"scroll","background-type":"","background-media":"","overlay-type":"","overlay-color":"","overlay-opacity":"","overlay-gradient":""},"mobile":{"background-color":"var(--ast-global-color-5)","background-image":"","background-repeat":"repeat","background-position":"center center","background-size":"auto","background-attachment":"scroll","background-type":"","background-media":"","overlay-type":"","overlay-color":"","overlay-opacity":"","overlay-gradient":""}},"footnotes":""},"class_list":["post-885","page","type-page","status-publish","hentry"],"_links":{"self":[{"href":"https:\/\/julianespanhol.com\/pt\/wp-json\/wp\/v2\/pages\/885","targetHints":{"allow":["GET"]}}],"collection":[{"href":"https:\/\/julianespanhol.com\/pt\/wp-json\/wp\/v2\/pages"}],"about":[{"href":"https:\/\/julianespanhol.com\/pt\/wp-json\/wp\/v2\/types\/page"}],"author":[{"embeddable":true,"href":"https:\/\/julianespanhol.com\/pt\/wp-json\/wp\/v2\/users\/1"}],"replies":[{"embeddable":true,"href":"https:\/\/julianespanhol.com\/pt\/wp-json\/wp\/v2\/comments?post=885"}],"version-history":[{"count":40,"href":"https:\/\/julianespanhol.com\/pt\/wp-json\/wp\/v2\/pages\/885\/revisions"}],"predecessor-version":[{"id":1120,"href":"https:\/\/julianespanhol.com\/pt\/wp-json\/wp\/v2\/pages\/885\/revisions\/1120"}],"wp:attachment":[{"href":"https:\/\/julianespanhol.com\/pt\/wp-json\/wp\/v2\/media?parent=885"}],"curies":[{"name":"wp","href":"https:\/\/api.w.org\/{rel}","templated":true}]}}